{"id":1654,"date":"2018-03-21T00:32:08","date_gmt":"2018-04-28T10:00:05","guid":{"rendered":"http:\/\/www.tiemmeelettronica.com\/prodotto\/cp120-2\/"},"modified":"2020-04-07T16:53:16","modified_gmt":"2020-04-07T14:53:16","slug":"cp120-es","status":"publish","type":"product","link":"http:\/\/www.tiemmeelettronica.com\/es\/producto\/cp120-es\/","title":{"rendered":""},"content":{"rendered":"<div class=\"fusion-fullwidth fullwidth-box nonhundred-percent-fullwidth non-hundred-percent-height-scrolling\"  style='background-color: rgba(255,255,255,0);background-position: center center;background-repeat: no-repeat;padding-top:0px;padding-right:0px;padding-bottom:0px;padding-left:0px;'><div class=\"fusion-builder-row fusion-row \"><div  class=\"fusion-layout-column fusion_builder_column fusion_builder_column_1_1  fusion-one-full fusion-column-first fusion-column-last 1_1\"  style='margin-top:0px;margin-bottom:0px;'>\n\t\t\t\t\t<div class=\"fusion-column-wrapper\" style=\"padding: 0px 0px 0px 0px;background-position:left top;background-repeat:no-repeat;-webkit-background-size:cover;-moz-background-size:cover;-o-background-size:cover;background-size:cover;\"  data-bg-url=\"\">\n\t\t\t\t\t\t<div class=\"fusion-text\"><table class=\"shop_attributes\">\n<tbody>\n<tr>\n<td>Teclado<\/td>\n<td>ABS<\/td>\n<\/tr>\n<tr>\n<td>Teclas<\/td>\n<td>8<\/td>\n<\/tr>\n<tr>\n<td>Led de notificaci\u00f3n<\/td>\n<td>8<\/td>\n<\/tr>\n<tr>\n<td>Interfaz<\/td>\n<td>2 display 4 d\u00edgitos<\/td>\n<\/tr>\n<tr>\n<td>Tama\u00f1o<\/td>\n<td>154X56X16 mm<\/td>\n<\/tr>\n<tr>\n<td><\/td>\n<td><\/td>\n<\/tr>\n<\/tbody>\n<\/table>\n<\/div><div class=\"fusion-clearfix\"><\/div>\n\n\t\t\t\t\t<\/div>\n\t\t\t\t<\/div><\/div><\/div>\n","protected":false},"excerpt":{"rendered":"<p><strong>PANEL DE CONTROL DE INTERFAZ USUARIO<\/strong><br \/>\nPlaca de control dise\u00f1ada para tener toda funcionalidad al alcance del usuario, muy \u00fatil incluso en fase de instalaci\u00f3n.<\/p>\n","protected":false},"featured_media":1655,"template":"","meta":[],"class_list":{"0":"post-1654","1":"product","2":"type-product","3":"status-publish","4":"has-post-thumbnail","6":"product_cat-teclado","7":"product_cat-system-es","8":"product_tag-cp-es","9":"product-grid-view","11":"first","12":"instock","13":"shipping-taxable","14":"purchasable","15":"product-type-variable"},"_links":{"self":[{"href":"http:\/\/www.tiemmeelettronica.com\/es\/wp-json\/wp\/v2\/product\/1654","targetHints":{"allow":["GET"]}}],"collection":[{"href":"http:\/\/www.tiemmeelettronica.com\/es\/wp-json\/wp\/v2\/product"}],"about":[{"href":"http:\/\/www.tiemmeelettronica.com\/es\/wp-json\/wp\/v2\/types\/product"}],"wp:featuredmedia":[{"embeddable":true,"href":"http:\/\/www.tiemmeelettronica.com\/es\/wp-json\/wp\/v2\/media\/1655"}],"wp:attachment":[{"href":"http:\/\/www.tiemmeelettronica.com\/es\/wp-json\/wp\/v2\/media?parent=1654"}],"curies":[{"name":"wp","href":"https:\/\/api.w.org\/{rel}","templated":true}]}}