{"id":1789,"date":"2018-03-21T00:32:09","date_gmt":"2018-04-28T10:01:04","guid":{"rendered":"http:\/\/www.tiemmeelettronica.com\/prodotto\/lcd100-remote-2\/"},"modified":"2020-04-07T16:25:05","modified_gmt":"2020-04-07T14:25:05","slug":"lcd100-remoto-es","status":"publish","type":"product","link":"http:\/\/www.tiemmeelettronica.com\/es\/producto\/lcd100-remoto-es\/","title":{"rendered":"LCD100 REMOTO"},"content":{"rendered":"<p>&nbsp;<\/p>\n<table class=\"shop_attributes\">\n<tbody>\n<tr>\n<td>Teclado<\/td>\n<td>ABS<\/td>\n<\/tr>\n<tr>\n<td>Teclas<\/td>\n<td>4\/6<\/td>\n<\/tr>\n<tr>\n<td>Interfaz<\/td>\n<td>LCD Gr\u00e1fico 128&#215;64 Backlight<\/td>\n<\/tr>\n<tr>\n<td>Tama\u00f1o<\/td>\n<td>130x68x22 mm<\/td>\n<\/tr>\n<tr>\n<td><\/td>\n<td><\/td>\n<\/tr>\n<\/tbody>\n<\/table>\n<p>&nbsp;<\/p>\n","protected":false},"excerpt":{"rendered":"<p><strong>Panel de Control a distancia con display LCD\u00a0<\/strong><\/p>\n<p>El teclado se puede utilizar tambi\u00e9n a distancia de la instalaci\u00f3n, gracias a una simple conexi\u00f3n con cable RS485 4 hilos con connector RJ45.<\/p>\n","protected":false},"featured_media":1790,"template":"","meta":[],"class_list":{"0":"post-1789","1":"product","2":"type-product","3":"status-publish","4":"has-post-thumbnail","6":"product_cat-teclado","7":"product_cat-system-es","8":"product-grid-view","10":"first","11":"instock","12":"virtual","13":"purchasable","14":"product-type-simple"},"_links":{"self":[{"href":"http:\/\/www.tiemmeelettronica.com\/es\/wp-json\/wp\/v2\/product\/1789","targetHints":{"allow":["GET"]}}],"collection":[{"href":"http:\/\/www.tiemmeelettronica.com\/es\/wp-json\/wp\/v2\/product"}],"about":[{"href":"http:\/\/www.tiemmeelettronica.com\/es\/wp-json\/wp\/v2\/types\/product"}],"wp:featuredmedia":[{"embeddable":true,"href":"http:\/\/www.tiemmeelettronica.com\/es\/wp-json\/wp\/v2\/media\/1790"}],"wp:attachment":[{"href":"http:\/\/www.tiemmeelettronica.com\/es\/wp-json\/wp\/v2\/media?parent=1789"}],"curies":[{"name":"wp","href":"https:\/\/api.w.org\/{rel}","templated":true}]}}